{"id":121,"date":"2025-09-01T03:52:04","date_gmt":"2025-09-01T03:52:04","guid":{"rendered":"https:\/\/caconstructiva.com\/?page_id=121"},"modified":"2025-09-01T03:52:06","modified_gmt":"2025-09-01T03:52:06","slug":"quienes-somos","status":"publish","type":"page","link":"https:\/\/caconstructiva.com\/index.php\/quienes-somos\/","title":{"rendered":"Quienes Somos"},"content":{"rendered":"\n[et_pb_section fb_built=&#8221;1&#8243; theme_builder_area=&#8221;post_content&#8221; _builder_version=&#8221;4.27.4&#8243; _module_preset=&#8221;default&#8221;][et_pb_row _builder_version=&#8221;4.27.4&#8243; _module_preset=&#8221;default&#8221; theme_builder_area=&#8221;post_content&#8221; use_custom_gutter=&#8221;on&#8221; make_equal=&#8221;on&#8221; max_width=&#8221;1814px&#8221; width=&#8221;100%&#8221; hover_enabled=&#8221;0&#8243; sticky_enabled=&#8221;0&#8243;][et_pb_column _builder_version=&#8221;4.27.4&#8243; _module_preset=&#8221;default&#8221; type=&#8221;4_4&#8243; theme_builder_area=&#8221;post_content&#8221;][et_pb_image src=&#8221;https:\/\/caconstructiva.com\/wp-content\/uploads\/2025\/08\/banner-de-inico-ca-constructiva.png&#8221; _builder_version=&#8221;4.27.4&#8243; _module_preset=&#8221;default&#8221; theme_builder_area=&#8221;post_content&#8221; force_fullwidth=&#8221;on&#8221; hover_enabled=&#8221;0&#8243; sticky_enabled=&#8221;0&#8243; title_text=&#8221;banner-de-inico-ca-constructiva&#8221;][\/et_pb_image][\/et_pb_column][\/et_pb_row][et_pb_row _builder_version=&#8221;4.27.4&#8243; _module_preset=&#8221;default&#8221; column_structure=&#8221;1_2,1_2&#8243; theme_builder_area=&#8221;post_content&#8221;][et_pb_column _builder_version=&#8221;4.27.4&#8243; _module_preset=&#8221;default&#8221; type=&#8221;1_2&#8243; theme_builder_area=&#8221;post_content&#8221;][et_pb_image src=&#8221;https:\/\/caconstructiva.com\/wp-content\/uploads\/2025\/08\/cesar.png&#8221; _builder_version=&#8221;4.27.4&#8243; _module_preset=&#8221;default&#8221; theme_builder_area=&#8221;post_content&#8221; title_text=&#8221;cesar&#8221; hover_enabled=&#8221;0&#8243; sticky_enabled=&#8221;0&#8243;][\/et_pb_image][\/et_pb_column][et_pb_column _builder_version=&#8221;4.27.4&#8243; _module_preset=&#8221;default&#8221; type=&#8221;1_2&#8243; theme_builder_area=&#8221;post_content&#8221;][et_pb_text _builder_version=&#8221;4.27.4&#8243; _module_preset=&#8221;default&#8221; theme_builder_area=&#8221;post_content&#8221; hover_enabled=&#8221;0&#8243; sticky_enabled=&#8221;0&#8243;]<p><span><\/span><\/p>\n<p><span><\/span><\/p>\n<p><span><\/span><\/p>\n<p><span><\/span><\/p>\n<p style=\"text-align: justify;\"><span>Arquitecto id\u00f3neo con coraz\u00f3n en Panam\u00e1 Norte (Chilibre), comprometido con transformar espacios en soluciones humanas, funcionales y sostenibles. Su labor va m\u00e1s all\u00e1 del dise\u00f1o: es una misi\u00f3n de servicio. Con experiencia en construcci\u00f3n, topograf\u00eda, desarrollo de anteproyectos y planos municipales, C\u00e9sar gestiona integralmente tr\u00e1mites ante entidades gubernamentales, incluyendo permisos de construcci\u00f3n, ATC, ocupaci\u00f3n y cambios de zonificaci\u00f3n.<\/span><\/p>\n<p style=\"text-align: justify;\"><span>Como <strong>Project Manager<\/strong>, lidera con visi\u00f3n estrat\u00e9gica, control de calidad y precisi\u00f3n presupuestaria, asegurando que cada proyecto refleje las necesidades reales de quienes lo habitan. Su enfoque combina t\u00e9cnica, empat\u00eda y responsabilidad social, convirtiendo cada plano en una oportunidad para mejorar vidas.<\/span><\/p>\n<p style=\"text-align: justify;\"><span>C\u00e9sar no solo construye estructuras: construye confianza, comunidad y prop\u00f3sito. Su arquitectura es respuesta, es vocaci\u00f3n, es Panam\u00e1.<\/span><\/p>[\/et_pb_text][\/et_pb_column][\/et_pb_row][\/et_pb_section]\n","protected":false},"excerpt":{"rendered":"<p>Arquitecto id\u00f3neo con coraz\u00f3n en Panam\u00e1 Norte (Chilibre), comprometido con transformar espacios en soluciones humanas, funcionales y sostenibles. Su labor va m\u00e1s all\u00e1 del dise\u00f1o: es una misi\u00f3n de servicio. Con experiencia en construcci\u00f3n, topograf\u00eda, desarrollo de anteproyectos y planos municipales, C\u00e9sar gestiona integralmente tr\u00e1mites ante entidades gubernamentales, incluyendo permisos de construcci\u00f3n, ATC, ocupaci\u00f3n y [&hellip;]<\/p>\n","protected":false},"author":1,"featured_media":0,"parent":0,"menu_order":0,"comment_status":"closed","ping_status":"closed","template":"","meta":{"_et_pb_use_builder":"on","_et_pb_old_content":"","_et_gb_content_width":"","footnotes":""},"class_list":["post-121","page","type-page","status-publish","hentry"],"_links":{"self":[{"href":"https:\/\/caconstructiva.com\/index.php\/wp-json\/wp\/v2\/pages\/121","targetHints":{"allow":["GET"]}}],"collection":[{"href":"https:\/\/caconstructiva.com\/index.php\/wp-json\/wp\/v2\/pages"}],"about":[{"href":"https:\/\/caconstructiva.com\/index.php\/wp-json\/wp\/v2\/types\/page"}],"author":[{"embeddable":true,"href":"https:\/\/caconstructiva.com\/index.php\/wp-json\/wp\/v2\/users\/1"}],"replies":[{"embeddable":true,"href":"https:\/\/caconstructiva.com\/index.php\/wp-json\/wp\/v2\/comments?post=121"}],"version-history":[{"count":3,"href":"https:\/\/caconstructiva.com\/index.php\/wp-json\/wp\/v2\/pages\/121\/revisions"}],"predecessor-version":[{"id":125,"href":"https:\/\/caconstructiva.com\/index.php\/wp-json\/wp\/v2\/pages\/121\/revisions\/125"}],"wp:attachment":[{"href":"https:\/\/caconstructiva.com\/index.php\/wp-json\/wp\/v2\/media?parent=121"}],"curies":[{"name":"wp","href":"https:\/\/api.w.org\/{rel}","templated":true}]}}